{"id":4718,"date":"2018-02-12T16:22:39","date_gmt":"2018-02-12T15:22:39","guid":{"rendered":"https:\/\/www.fededonbosco.org\/nuevawebamics\/?page_id=4718"},"modified":"2020-12-17T17:13:16","modified_gmt":"2020-12-17T16:13:16","slug":"home","status":"publish","type":"page","link":"https:\/\/www.fededonbosco.org\/cjamics\/","title":{"rendered":"Home"},"content":{"rendered":"<div id=\"fb-root\"><\/div>\n<p>[et_pb_section fb_built=\u00bb1&#8243; fullwidth=\u00bbon\u00bb _builder_version=\u00bb3.22&#8243;][et_pb_fullwidth_slider show_image_video_mobile=\u00bbon\u00bb admin_label=\u00bbPortada (Deslizador)\u00bb _builder_version=\u00bb3.16&#8243; custom_padding=\u00bb|||\u00bb auto=\u00bbon\u00bb saved_tabs=\u00bball\u00bb button_text_size__hover_enabled=\u00bboff\u00bb button_one_text_size__hover_enabled=\u00bboff\u00bb button_two_text_size__hover_enabled=\u00bboff\u00bb button_text_color__hover_enabled=\u00bboff\u00bb button_one_text_color__hover_enabled=\u00bboff\u00bb button_two_text_color__hover_enabled=\u00bboff\u00bb button_border_width__hover_enabled=\u00bboff\u00bb button_one_border_width__hover_enabled=\u00bboff\u00bb button_two_border_width__hover_enabled=\u00bboff\u00bb button_border_color__hover_enabled=\u00bboff\u00bb button_one_border_color__hover_enabled=\u00bboff\u00bb button_two_border_color__hover_enabled=\u00bboff\u00bb button_border_radius__hover_enabled=\u00bboff\u00bb button_one_border_radius__hover_enabled=\u00bboff\u00bb button_two_border_radius__hover_enabled=\u00bboff\u00bb button_letter_spacing__hover_enabled=\u00bboff\u00bb button_one_letter_spacing__hover_enabled=\u00bboff\u00bb button_two_letter_spacing__hover_enabled=\u00bboff\u00bb button_bg_color__hover_enabled=\u00bboff\u00bb button_one_bg_color__hover_enabled=\u00bboff\u00bb button_two_bg_color__hover_enabled=\u00bboff\u00bb][et_pb_slide heading=\u00bbCentro Juvenil Amics\u00bb button_text=\u00bb\u00a1Mira nuestras videonoticias!\u00bb button_link=\u00bbhttps:\/\/www.youtube.com\/amicsmedia\u00bb image=\u00bbhttps:\/\/www.fededonbosco.org\/nuevawebamics\/wp-content\/uploads\/sites\/2\/2018\/03\/logo_moderno_transparente.png\u00bb use_bg_overlay=\u00bbon\u00bb use_text_overlay=\u00bboff\u00bb _builder_version=\u00bb3.16&#8243; header_font=\u00bb||||\u00bb header_font_size=\u00bb49px\u00bb body_font=\u00bbCalligraffitti||||\u00bb body_font_size=\u00bb34px\u00bb body_line_height=\u00bb1.1em\u00bb background_color=\u00bb#ffffff\u00bb background_image=\u00bbhttps:\/\/www.fededonbosco.org\/nuevawebamics\/wp-content\/uploads\/sites\/2\/2018\/03\/Alta-Lai-Generales-229.jpg\u00bb custom_button=\u00bbon\u00bb button_text_size=\u00bb30px\u00bb button_text_color=\u00bb#ffffff\u00bb button_bg_color=\u00bb#e3bb51&#8243; button_border_width=\u00bb0px\u00bb button_border_color=\u00bb#ffffff\u00bb button_border_radius=\u00bb3px\u00bb button_font=\u00bbAmatic SC|on|||\u00bb button_use_icon=\u00bbon\u00bb button_on_hover=\u00bbon\u00bb text_orientation=\u00bbleft\u00bb header_font_size_tablet=\u00bb49px\u00bb header_font_size_phone=\u00bb49px\u00bb body_font_size_tablet=\u00bb34px\u00bb body_font_size_phone=\u00bb34px\u00bb body_line_height_tablet=\u00bb1.1em\u00bb body_line_height_phone=\u00bb1.1em\u00bb button_text_size_tablet=\u00bb30px\u00bb button_text_size_phone=\u00bb30px\u00bb button_text_size__hover_enabled=\u00bboff\u00bb button_one_text_size__hover_enabled=\u00bboff\u00bb button_two_text_size__hover_enabled=\u00bboff\u00bb button_text_color__hover_enabled=\u00bboff\u00bb button_one_text_color__hover_enabled=\u00bboff\u00bb button_two_text_color__hover_enabled=\u00bboff\u00bb button_border_width__hover_enabled=\u00bboff\u00bb button_one_border_width__hover_enabled=\u00bboff\u00bb button_two_border_width__hover_enabled=\u00bboff\u00bb button_border_color__hover_enabled=\u00bboff\u00bb button_one_border_color__hover_enabled=\u00bboff\u00bb button_two_border_color__hover_enabled=\u00bboff\u00bb button_border_radius__hover_enabled=\u00bboff\u00bb button_one_border_radius__hover_enabled=\u00bboff\u00bb button_two_border_radius__hover_enabled=\u00bboff\u00bb button_letter_spacing__hover_enabled=\u00bboff\u00bb button_one_letter_spacing__hover_enabled=\u00bboff\u00bb button_two_letter_spacing__hover_enabled=\u00bboff\u00bb button_bg_color__hover_enabled=\u00bboff\u00bb button_one_bg_color__hover_enabled=\u00bboff\u00bb button_two_bg_color__hover_enabled=\u00bboff\u00bb sticky_transition=\u00bbon\u00bb]<\/p>\n<h3>Nuestras noticias en amics<strong>media<\/strong><\/h3>\n<p>[\/et_pb_slide][\/et_pb_fullwidth_slider][\/et_pb_section][et_pb_section fb_built=\u00bb1&#8243; _builder_version=\u00bb3.22&#8243;][et_pb_row _builder_version=\u00bb3.25&#8243; background_size=\u00bbinitial\u00bb background_position=\u00bbtop_left\u00bb background_repeat=\u00bbrepeat\u00bb custom_margin=\u00bb30px|||\u00bb custom_padding=\u00bb30px||0px|\u00bb saved_tabs=\u00bball\u00bb][et_pb_column type=\u00bb4_4&#8243; _builder_version=\u00bb3.25&#8243; custom_padding=\u00bb|||\u00bb custom_padding__hover=\u00bb|||\u00bb][et_pb_text admin_label=\u00bbNoticias de la casa (Texto)\u00bb _builder_version=\u00bb3.27.4&#8243; text_font=\u00bbArial||||\u00bb text_text_color=\u00bb#636a70&#8243; text_font_size=\u00bb22&#8243; text_line_height=\u00bb1.6em\u00bb header_font=\u00bbArial||||\u00bb header_text_color=\u00bb#636a70&#8243; header_font_size=\u00bb46px\u00bb background_size=\u00bbinitial\u00bb background_position=\u00bbtop_left\u00bb background_repeat=\u00bbrepeat\u00bb custom_margin=\u00bb||25px|\u00bb custom_padding=\u00bb|||\u00bb saved_tabs=\u00bball\u00bb]<img loading=\"lazy\" decoding=\"async\" class=\"alignnone wp-image-4981 \" src=\"https:\/\/www.fededonbosco.org\/nuevawebamics\/wp-content\/uploads\/sites\/2\/2018\/03\/logo2.png\" alt=\"\" width=\"25\" height=\"24\">&nbsp;<strong>Noticias Destacadas<\/strong><br \/>\n[\/et_pb_text][et_pb_blog fullwidth=\u00bboff\u00bb posts_number=\u00bb3&#8243; include_categories=\u00bb8,45&#8243; meta_date=\u00bbd\/m\/y\u00bb show_more=\u00bbon\u00bb show_author=\u00bboff\u00bb show_comments=\u00bbon\u00bb show_pagination=\u00bboff\u00bb disabled_on=\u00bboff|on|off\u00bb admin_label=\u00bbUltimas noticias (blog)\u00bb _builder_version=\u00bb3.0.105&#8243; header_font=\u00bbLato|700|||||||\u00bb header_text_color=\u00bb#0070a8&#8243; header_font_size=\u00bb16&#8243; body_font_size=\u00bb12&#8243; body_line_height=\u00bb1.5em\u00bb meta_font=\u00bb||on||||||\u00bb meta_font_size=\u00bb12&#8243; meta_line_height=\u00bb1.5em\u00bb custom_margin=\u00bb||0px|\u00bb custom_padding=\u00bb||0px|\u00bb body_font_size_last_edited=\u00bboff|\u00bb pagination_font_size_tablet=\u00bb51&#8243; pagination_line_height_tablet=\u00bb2&#8243; border_width_all=\u00bb0px\u00bb border_color_all_fullwidth=\u00bb#d8d8d8&#8243; use_border_color=\u00bbon\u00bb saved_tabs=\u00bball\u00bb]&nbsp;<br \/>\n[\/et_pb_blog][et_pb_button button_url=\u00bbhttp:\/\/www.fededonbosco.org\/amics\/es\/blog\/\u00bb button_text=\u00bbVer todas las noticias\u00bb button_alignment=\u00bbright\u00bb _builder_version=\u00bb3.16&#8243; custom_button=\u00bbon\u00bb button_text_size=\u00bb19px\u00bb button_text_color=\u00bb#0070a8&#8243; button_border_width=\u00bb1px\u00bb button_border_color=\u00bb#0070a8&#8243; button_border_radius=\u00bb100px\u00bb button_icon=\u00bb%%20%%\u00bb background_layout=\u00bbdark\u00bb button_text_size__hover_enabled=\u00bboff\u00bb button_one_text_size__hover_enabled=\u00bboff\u00bb button_two_text_size__hover_enabled=\u00bboff\u00bb button_text_color__hover_enabled=\u00bboff\u00bb button_one_text_color__hover_enabled=\u00bboff\u00bb button_two_text_color__hover_enabled=\u00bboff\u00bb button_border_width__hover_enabled=\u00bboff\u00bb button_one_border_width__hover_enabled=\u00bboff\u00bb button_two_border_width__hover_enabled=\u00bboff\u00bb button_border_color__hover_enabled=\u00bboff\u00bb button_one_border_color__hover_enabled=\u00bboff\u00bb button_two_border_color__hover_enabled=\u00bboff\u00bb button_border_radius__hover_enabled=\u00bboff\u00bb button_one_border_radius__hover_enabled=\u00bboff\u00bb button_two_border_radius__hover_enabled=\u00bboff\u00bb button_letter_spacing__hover_enabled=\u00bboff\u00bb button_one_letter_spacing__hover_enabled=\u00bboff\u00bb button_two_letter_spacing__hover_enabled=\u00bboff\u00bb button_bg_color__hover_enabled=\u00bboff\u00bb button_one_bg_color__hover_enabled=\u00bboff\u00bb button_two_bg_color__hover_enabled=\u00bboff\u00bb]&nbsp;<br \/>\n[\/et_pb_button][\/et_pb_column][\/et_pb_row][\/et_pb_section][et_pb_section fb_built=\u00bb1&#8243; module_id=\u00bbportada\u00bb _builder_version=\u00bb3.22&#8243; custom_padding=\u00bb0px|0px|0px|0px\u00bb][et_pb_row column_structure=\u00bb1_2,1_2&#8243; use_custom_gutter=\u00bbon\u00bb gutter_width=\u00bb1&#8243; _builder_version=\u00bb3.25&#8243; background_size=\u00bbinitial\u00bb background_position=\u00bbtop_left\u00bb background_repeat=\u00bbrepeat\u00bb custom_margin=\u00bb25px|||\u00bb custom_padding=\u00bb25px|0px|0px|0px\u00bb][et_pb_column type=\u00bb1_2&#8243; _builder_version=\u00bb3.25&#8243; background_position=\u00bbtop_left\u00bb custom_padding=\u00bb|||\u00bb custom_padding__hover=\u00bb|||\u00bb][et_pb_text admin_label=\u00bbRedes sociales (Texto)\u00bb _builder_version=\u00bb3.27.4&#8243; text_font=\u00bbArial||||\u00bb text_text_color=\u00bb#636a70&#8243; text_font_size=\u00bb22&#8243; text_line_height=\u00bb1.6em\u00bb header_font=\u00bbArial||||\u00bb header_text_color=\u00bb#636a70&#8243; header_font_size=\u00bb46px\u00bb background_size=\u00bbinitial\u00bb background_position=\u00bbtop_left\u00bb background_repeat=\u00bbrepeat\u00bb]<\/p>\n<p class=\"\"><img loading=\"lazy\" decoding=\"async\" class=\"alignnone wp-image-4981 \" src=\"https:\/\/www.fededonbosco.org\/nuevawebamics\/wp-content\/uploads\/sites\/2\/2018\/03\/logo2.png\" alt=\"\" width=\"33\" height=\"32\">&nbsp;<strong>Nuestras&nbsp;Redes Sociales<\/strong><\/p>\n<p>[\/et_pb_text][\/et_pb_column][et_pb_column type=\u00bb1_2&#8243; _builder_version=\u00bb3.25&#8243; background_position=\u00bbtop_left\u00bb custom_padding=\u00bb|||\u00bb custom_padding__hover=\u00bb|||\u00bb][et_pb_social_media_follow url_new_window=\u00bboff\u00bb _builder_version=\u00bb3.0.105&#8243; border_radii=\u00bbon|100%|100%|100%|100%\u00bb][et_pb_social_media_follow_network social_network=\u00bbfacebook\u00bb url=\u00bbhttps:\/\/www.facebook.com\/centrojuvenilamics\u00bb _builder_version=\u00bb3.0.105&#8243; background_color=\u00bb#3b5998&#8243; follow_button=\u00bboff\u00bb url_new_window=\u00bboff\u00bb] facebook [\/et_pb_social_media_follow_network][et_pb_social_media_follow_network social_network=\u00bbtwitter\u00bb url=\u00bbhttps:\/\/twitter.com\/CJAmics\u00bb _builder_version=\u00bb3.0.105&#8243; background_color=\u00bb#00aced\u00bb follow_button=\u00bboff\u00bb url_new_window=\u00bboff\u00bb] twitter [\/et_pb_social_media_follow_network][et_pb_social_media_follow_network social_network=\u00bbinstagram\u00bb url=\u00bbhttps:\/\/www.instagram.com\/cjamics\u00bb _builder_version=\u00bb3.0.105&#8243; background_color=\u00bb#517fa4&#8243; follow_button=\u00bboff\u00bb url_new_window=\u00bboff\u00bb] instagram [\/et_pb_social_media_follow_network][et_pb_social_media_follow_network social_network=\u00bbyoutube\u00bb url=\u00bbhttps:\/\/www.youtube.com\/user\/amicsmedia\u00bb _builder_version=\u00bb3.0.105&#8243; background_color=\u00bb#a82400&#8243; follow_button=\u00bboff\u00bb url_new_window=\u00bboff\u00bb] youtube [\/et_pb_social_media_follow_network][\/et_pb_social_media_follow][\/et_pb_column][\/et_pb_row][et_pb_row column_structure=\u00bb1_3,1_3,1_3&#8243; _builder_version=\u00bb4.0.6&#8243;][et_pb_column type=\u00bb1_3&#8243; _builder_version=\u00bb3.25&#8243; background_position=\u00bbtop_left\u00bb custom_padding=\u00bb|||\u00bb custom_padding__hover=\u00bb|||\u00bb][et_pb_code _builder_version=\u00bb4.7.7&#8243; min_height=\u00bb249px\u00bb custom_padding=\u00bb||38px|||\u00bb hover_enabled=\u00bb0&#8243; sticky_enabled=\u00bb0&#8243;]<a class=\"twitter-timeline\" data-lang=\"es\" data-width=\"750\" data-height=\"582\" href=\"https:\/\/twitter.com\/cjamics\"><\/a> <script async src=\"\/\/platform.twitter.com\/widgets.js\" charset=\"utf-8\"><\/script>[\/et_pb_code][\/et_pb_column][et_pb_column type=\u00bb1_3&#8243; _builder_version=\u00bb3.25&#8243; background_position=\u00bbtop_left\u00bb custom_padding=\u00bb|||\u00bb custom_padding__hover=\u00bb|||\u00bb][et_pb_code disabled_on=\u00bboff|off|off\u00bb admin_label=\u00bbFacebook (C\u00f3digo)\u00bb]<div class=\"fb-page\" data-href=\"https:\/\/www.facebook.com\/centrojuvenilamics\/\" data-width=\"750\" data-height=\"500\" data-tabs=\"timeline\" data-hide-cover=\"true\" data-show-facepile=\"false\" data-hide-cta=\"false\" data-small-header=\"true\" data-adapt-container-width=\"true\"><\/div>[\/et_pb_code][\/et_pb_column][et_pb_column type=\u00bb1_3&#8243; _builder_version=\u00bb3.25&#8243; background_position=\u00bbtop_left\u00bb custom_padding=\u00bb|||\u00bb custom_padding__hover=\u00bb|||\u00bb][et_pb_code admin_label=\u00bbInstagram (C\u00f3digo)\u00bb]Feed with such ID does not exist[\/et_pb_code][\/et_pb_column][\/et_pb_row][et_pb_row custom_padding_last_edited=\u00bbon|phone\u00bb _builder_version=\u00bb3.25&#8243; background_size=\u00bbinitial\u00bb background_position=\u00bbtop_left\u00bb background_repeat=\u00bbrepeat\u00bb custom_padding=\u00bb30px|0px|25px|0px\u00bb custom_padding_tablet=\u00bb0px|||\u00bb custom_padding_phone=\u00bb0px|||\u00bb][et_pb_column type=\u00bb4_4&#8243; _builder_version=\u00bb3.25&#8243; background_position=\u00bbtop_left\u00bb custom_padding=\u00bb|||\u00bb custom_padding__hover=\u00bb|||\u00bb][et_pb_text admin_label=\u00bbSalesianos (Texto)\u00bb _builder_version=\u00bb3.27.4&#8243; text_font=\u00bbArial||||\u00bb text_text_color=\u00bb#636a70&#8243; text_font_size=\u00bb22&#8243; text_line_height=\u00bb1.6em\u00bb header_font=\u00bbArial||||\u00bb header_text_color=\u00bb#636a70&#8243; header_font_size=\u00bb46px\u00bb background_size=\u00bbinitial\u00bb background_position=\u00bbtop_left\u00bb background_repeat=\u00bbrepeat\u00bb]<\/p>\n<p class=\"\"><img loading=\"lazy\" decoding=\"async\" class=\"wp-image-4692 alignnone size-full\" src=\"https:\/\/www.fededonbosco.org\/nuevawebamics\/wp-content\/uploads\/sites\/2\/2018\/02\/fede-web-icono.png\" alt=\"\" width=\"20\" height=\"20\">&nbsp;<strong>M\u00e1s Info sobre&nbsp;Salesianos<\/strong><\/p>\n<p>[\/et_pb_text][\/et_pb_column][\/et_pb_row][et_pb_row column_padding_mobile=\u00bbon\u00bb module_id=\u00bbportada-web-salesianas\u00bb module_class=\u00bbcinco-columnas et_pb_row_fullwidth\u00bb _builder_version=\u00bb3.25&#8243; background_size=\u00bbinitial\u00bb background_position=\u00bbtop_left\u00bb background_repeat=\u00bbrepeat\u00bb width=\u00bb89%\u00bb width_tablet=\u00bb80%\u00bb width_phone=\u00bb\u00bb width_last_edited=\u00bbon|desktop\u00bb max_width=\u00bb89%\u00bb max_width_tablet=\u00bb80%\u00bb max_width_phone=\u00bb\u00bb max_width_last_edited=\u00bbon|desktop\u00bb custom_margin=\u00bb|||\u00bb custom_padding=\u00bb0px|||\u00bb make_fullwidth=\u00bbon\u00bb][et_pb_column type=\u00bb4_4&#8243; _builder_version=\u00bb3.25&#8243; background_position=\u00bbtop_left\u00bb custom_padding=\u00bb|||\u00bb custom_padding__hover=\u00bb|||\u00bb][et_pb_blurb url=\u00bbhttp:\/\/sdb.org\/es\/\u00bb url_new_window=\u00bbon\u00bb image=\u00bbhttps:\/\/inspectoria.salesianos.edu\/wp-content\/uploads\/2017\/04\/01_SDBORG.png\u00bb alt=\u00bbSalesianos en el mundo\u00bb admin_label=\u00bbSDB_org\u00bb _builder_version=\u00bb3.0.87&#8243; background_size=\u00bbinitial\u00bb background_position=\u00bbtop_left\u00bb background_repeat=\u00bbrepeat\u00bb text_orientation=\u00bbcenter\u00bb max_width_tablet=\u00bb50px\u00bb border_style=\u00bbsolid\u00bb]En el mundo<br \/>\n[\/et_pb_blurb][et_pb_blurb url=\u00bbhttp:\/\/www.donbosco.es\u00bb url_new_window=\u00bbon\u00bb image=\u00bbhttps:\/\/inspectoria.salesianos.edu\/wp-content\/uploads\/2017\/04\/02_DBES.png\u00bb alt=\u00bbSalesianos en Espa\u00f1a\u00bb image_max_width=\u00bbnone\u00bb admin_label=\u00bbDonBosco_ES\u00bb _builder_version=\u00bb3.0.74&#8243; background_size=\u00bbinitial\u00bb background_position=\u00bbtop_left\u00bb background_repeat=\u00bbrepeat\u00bb text_orientation=\u00bbcenter\u00bb]En Espa\u00f1a<br \/>\n[\/et_pb_blurb][et_pb_blurb url=\u00bbhttp:\/\/www.salesianos.edu\u00bb url_new_window=\u00bbon\u00bb image=\u00bbhttps:\/\/inspectoria.salesianos.edu\/wp-content\/uploads\/2017\/04\/03_smxedu.png\u00bb image_max_width=\u00bbnone\u00bb admin_label=\u00bbInspector\u00eda\u00bb _builder_version=\u00bb3.0.74&#8243; background_size=\u00bbinitial\u00bb background_position=\u00bbtop_left\u00bb background_repeat=\u00bbrepeat\u00bb text_orientation=\u00bbcenter\u00bb]En la Inspector\u00eda<br \/>\n[\/et_pb_blurb][et_pb_blurb url=\u00bbhttp:\/\/www.infoans.org\/es\u00bb url_new_window=\u00bbon\u00bb image=\u00bbhttps:\/\/inspectoria.salesianos.edu\/wp-content\/uploads\/2017\/04\/04_ans.png\u00bb image_max_width=\u00bbnone\u00bb admin_label=\u00bbANS_info\u00bb _builder_version=\u00bb3.0.74&#8243; background_size=\u00bbinitial\u00bb background_position=\u00bbtop_left\u00bb background_repeat=\u00bbrepeat\u00bb text_orientation=\u00bbcenter\u00bb]Agencia noticias<br \/>\n[\/et_pb_blurb][et_pb_blurb url=\u00bbhttp:\/\/boletin-salesiano.com\/\u00bb url_new_window=\u00bbon\u00bb image=\u00bbhttps:\/\/inspectoria.salesianos.edu\/wp-content\/uploads\/2017\/04\/05_boletins.png\u00bb image_max_width=\u00bbnone\u00bb admin_label=\u00bbBoletinSalesiano\u00bb _builder_version=\u00bb3.0.74&#8243; background_size=\u00bbinitial\u00bb background_position=\u00bbtop_left\u00bb background_repeat=\u00bbrepeat\u00bb text_orientation=\u00bbcenter\u00bb]Bolet\u00edn Salesiano<br \/>\n[\/et_pb_blurb][\/et_pb_column][\/et_pb_row][\/et_pb_section]<\/p>\n","protected":false},"excerpt":{"rendered":"<p>Nuestras noticias en amicsmedia &nbsp;Noticias Destacadas &nbsp; &nbsp; &nbsp;Nuestras&nbsp;Redes Sociales <div class=\"fb-page\" data-href=\"https:\/\/www.facebook.com\/centrojuvenilamics\/\" data-width=\"750\" data-height=\"500\" data-tabs=\"timeline\" data-hide-cover=\"true\" data-show-facepile=\"false\" data-hide-cta=\"false\" data-small-header=\"true\" data-adapt-container-width=\"true\"><\/div>Feed with such ID does not exist&nbsp;M\u00e1s Info sobre&nbsp;Salesianos En el mundo En Espa\u00f1a En la Inspector\u00eda Agencia noticias Bolet\u00edn Salesiano<\/p>\n","protected":false},"author":2,"featured_media":0,"parent":0,"menu_order":0,"comment_status":"closed","ping_status":"closed","template":"","meta":{"_et_pb_use_builder":"on","_et_pb_old_content":"","_et_gb_content_width":"","footnotes":""},"class_list":["post-4718","page","type-page","status-publish","hentry"],"yoast_head":"<!-- This site is optimized with the Yoast SEO plugin v27.4 - https:\/\/yoast.com\/product\/yoast-seo-wordpress\/ -->\n<title>Home - Centro Juvenil Amics<\/title>\n<meta name=\"robots\" content=\"index, follow, max-snippet:-1, max-image-preview:large, max-video-preview:-1\" \/>\n<link rel=\"canonical\" href=\"https:\/\/www.fededonbosco.org\/cjamics\/\" \/>\n<meta property=\"og:locale\" content=\"es_ES\" \/>\n<meta property=\"og:type\" content=\"article\" \/>\n<meta property=\"og:title\" content=\"Home - Centro Juvenil Amics\" \/>\n<meta property=\"og:description\" content=\"Nuestras noticias en amicsmedia &nbsp;Noticias Destacadas &nbsp; &nbsp; &nbsp;Nuestras&nbsp;Redes Sociales &nbsp;M\u00e1s Info sobre&nbsp;Salesianos En el mundo En Espa\u00f1a En la Inspector\u00eda Agencia noticias Bolet\u00edn Salesiano\" \/>\n<meta property=\"og:url\" content=\"https:\/\/www.fededonbosco.org\/cjamics\/\" \/>\n<meta property=\"og:site_name\" content=\"Centro Juvenil Amics\" \/>\n<meta property=\"article:modified_time\" content=\"2020-12-17T16:13:16+00:00\" \/>\n<meta property=\"og:image\" content=\"https:\/\/www.fededonbosco.org\/nuevawebamics\/wp-content\/uploads\/sites\/2\/2018\/03\/logo2.png\" \/>\n<meta name=\"twitter:card\" content=\"summary_large_image\" \/>\n<meta name=\"twitter:label1\" content=\"Tiempo de lectura\" \/>\n\t<meta name=\"twitter:data1\" content=\"9 minutos\" \/>\n<script type=\"application\/ld+json\" class=\"yoast-schema-graph\">{\"@context\":\"https:\\\/\\\/schema.org\",\"@graph\":[{\"@type\":\"WebPage\",\"@id\":\"https:\\\/\\\/www.fededonbosco.org\\\/cjamics\\\/\",\"url\":\"https:\\\/\\\/www.fededonbosco.org\\\/cjamics\\\/\",\"name\":\"Home - Centro Juvenil Amics\",\"isPartOf\":{\"@id\":\"https:\\\/\\\/www.fededonbosco.org\\\/cjamics\\\/#website\"},\"primaryImageOfPage\":{\"@id\":\"https:\\\/\\\/www.fededonbosco.org\\\/cjamics\\\/#primaryimage\"},\"image\":{\"@id\":\"https:\\\/\\\/www.fededonbosco.org\\\/cjamics\\\/#primaryimage\"},\"thumbnailUrl\":\"https:\\\/\\\/www.fededonbosco.org\\\/nuevawebamics\\\/wp-content\\\/uploads\\\/sites\\\/2\\\/2018\\\/03\\\/logo2.png\",\"datePublished\":\"2018-02-12T15:22:39+00:00\",\"dateModified\":\"2020-12-17T16:13:16+00:00\",\"breadcrumb\":{\"@id\":\"https:\\\/\\\/www.fededonbosco.org\\\/cjamics\\\/#breadcrumb\"},\"inLanguage\":\"es\",\"potentialAction\":[{\"@type\":\"ReadAction\",\"target\":[\"https:\\\/\\\/www.fededonbosco.org\\\/cjamics\\\/\"]}]},{\"@type\":\"ImageObject\",\"inLanguage\":\"es\",\"@id\":\"https:\\\/\\\/www.fededonbosco.org\\\/cjamics\\\/#primaryimage\",\"url\":\"https:\\\/\\\/www.fededonbosco.org\\\/nuevawebamics\\\/wp-content\\\/uploads\\\/sites\\\/2\\\/2018\\\/03\\\/logo2.png\",\"contentUrl\":\"https:\\\/\\\/www.fededonbosco.org\\\/nuevawebamics\\\/wp-content\\\/uploads\\\/sites\\\/2\\\/2018\\\/03\\\/logo2.png\"},{\"@type\":\"BreadcrumbList\",\"@id\":\"https:\\\/\\\/www.fededonbosco.org\\\/cjamics\\\/#breadcrumb\",\"itemListElement\":[{\"@type\":\"ListItem\",\"position\":1,\"name\":\"Portada\",\"item\":\"https:\\\/\\\/www.fededonbosco.org\\\/cjamics\\\/\"},{\"@type\":\"ListItem\",\"position\":2,\"name\":\"Home\"}]},{\"@type\":\"WebSite\",\"@id\":\"https:\\\/\\\/www.fededonbosco.org\\\/cjamics\\\/#website\",\"url\":\"https:\\\/\\\/www.fededonbosco.org\\\/cjamics\\\/\",\"name\":\"Centro Juvenil Amics\",\"description\":\"P\u00e1gina oficial del Centro Juvenil Amics\",\"potentialAction\":[{\"@type\":\"SearchAction\",\"target\":{\"@type\":\"EntryPoint\",\"urlTemplate\":\"https:\\\/\\\/www.fededonbosco.org\\\/cjamics\\\/?s={search_term_string}\"},\"query-input\":{\"@type\":\"PropertyValueSpecification\",\"valueRequired\":true,\"valueName\":\"search_term_string\"}}],\"inLanguage\":\"es\"}]}<\/script>\n<!-- \/ Yoast SEO plugin. -->","yoast_head_json":{"title":"Home - Centro Juvenil Amics","robots":{"index":"index","follow":"follow","max-snippet":"max-snippet:-1","max-image-preview":"max-image-preview:large","max-video-preview":"max-video-preview:-1"},"canonical":"https:\/\/www.fededonbosco.org\/cjamics\/","og_locale":"es_ES","og_type":"article","og_title":"Home - Centro Juvenil Amics","og_description":"Nuestras noticias en amicsmedia &nbsp;Noticias Destacadas &nbsp; &nbsp; &nbsp;Nuestras&nbsp;Redes Sociales &nbsp;M\u00e1s Info sobre&nbsp;Salesianos En el mundo En Espa\u00f1a En la Inspector\u00eda Agencia noticias Bolet\u00edn Salesiano","og_url":"https:\/\/www.fededonbosco.org\/cjamics\/","og_site_name":"Centro Juvenil Amics","article_modified_time":"2020-12-17T16:13:16+00:00","og_image":[{"url":"https:\/\/www.fededonbosco.org\/nuevawebamics\/wp-content\/uploads\/sites\/2\/2018\/03\/logo2.png","type":"","width":"","height":""}],"twitter_card":"summary_large_image","twitter_misc":{"Tiempo de lectura":"9 minutos"},"schema":{"@context":"https:\/\/schema.org","@graph":[{"@type":"WebPage","@id":"https:\/\/www.fededonbosco.org\/cjamics\/","url":"https:\/\/www.fededonbosco.org\/cjamics\/","name":"Home - Centro Juvenil Amics","isPartOf":{"@id":"https:\/\/www.fededonbosco.org\/cjamics\/#website"},"primaryImageOfPage":{"@id":"https:\/\/www.fededonbosco.org\/cjamics\/#primaryimage"},"image":{"@id":"https:\/\/www.fededonbosco.org\/cjamics\/#primaryimage"},"thumbnailUrl":"https:\/\/www.fededonbosco.org\/nuevawebamics\/wp-content\/uploads\/sites\/2\/2018\/03\/logo2.png","datePublished":"2018-02-12T15:22:39+00:00","dateModified":"2020-12-17T16:13:16+00:00","breadcrumb":{"@id":"https:\/\/www.fededonbosco.org\/cjamics\/#breadcrumb"},"inLanguage":"es","potentialAction":[{"@type":"ReadAction","target":["https:\/\/www.fededonbosco.org\/cjamics\/"]}]},{"@type":"ImageObject","inLanguage":"es","@id":"https:\/\/www.fededonbosco.org\/cjamics\/#primaryimage","url":"https:\/\/www.fededonbosco.org\/nuevawebamics\/wp-content\/uploads\/sites\/2\/2018\/03\/logo2.png","contentUrl":"https:\/\/www.fededonbosco.org\/nuevawebamics\/wp-content\/uploads\/sites\/2\/2018\/03\/logo2.png"},{"@type":"BreadcrumbList","@id":"https:\/\/www.fededonbosco.org\/cjamics\/#breadcrumb","itemListElement":[{"@type":"ListItem","position":1,"name":"Portada","item":"https:\/\/www.fededonbosco.org\/cjamics\/"},{"@type":"ListItem","position":2,"name":"Home"}]},{"@type":"WebSite","@id":"https:\/\/www.fededonbosco.org\/cjamics\/#website","url":"https:\/\/www.fededonbosco.org\/cjamics\/","name":"Centro Juvenil Amics","description":"P\u00e1gina oficial del Centro Juvenil Amics","potentialAction":[{"@type":"SearchAction","target":{"@type":"EntryPoint","urlTemplate":"https:\/\/www.fededonbosco.org\/cjamics\/?s={search_term_string}"},"query-input":{"@type":"PropertyValueSpecification","valueRequired":true,"valueName":"search_term_string"}}],"inLanguage":"es"}]}},"_links":{"self":[{"href":"https:\/\/www.fededonbosco.org\/cjamics\/wp-json\/wp\/v2\/pages\/4718","targetHints":{"allow":["GET"]}}],"collection":[{"href":"https:\/\/www.fededonbosco.org\/cjamics\/wp-json\/wp\/v2\/pages"}],"about":[{"href":"https:\/\/www.fededonbosco.org\/cjamics\/wp-json\/wp\/v2\/types\/page"}],"author":[{"embeddable":true,"href":"https:\/\/www.fededonbosco.org\/cjamics\/wp-json\/wp\/v2\/users\/2"}],"replies":[{"embeddable":true,"href":"https:\/\/www.fededonbosco.org\/cjamics\/wp-json\/wp\/v2\/comments?post=4718"}],"version-history":[{"count":60,"href":"https:\/\/www.fededonbosco.org\/cjamics\/wp-json\/wp\/v2\/pages\/4718\/revisions"}],"predecessor-version":[{"id":5459,"href":"https:\/\/www.fededonbosco.org\/cjamics\/wp-json\/wp\/v2\/pages\/4718\/revisions\/5459"}],"wp:attachment":[{"href":"https:\/\/www.fededonbosco.org\/cjamics\/wp-json\/wp\/v2\/media?parent=4718"}],"curies":[{"name":"wp","href":"https:\/\/api.w.org\/{rel}","templated":true}]}}