{"id":4855,"date":"2018-02-19T17:08:34","date_gmt":"2018-02-19T16:08:34","guid":{"rendered":"https:\/\/www.fededonbosco.org\/nuevawebamics\/?page_id=4855"},"modified":"2018-02-22T12:20:43","modified_gmt":"2018-02-22T11:20:43","slug":"propuesta-educativa-salesiana","status":"publish","type":"page","link":"https:\/\/www.fededonbosco.org\/cjamics\/propuesta-educativa-salesiana\/","title":{"rendered":"Propuesta Educativa Salesiana"},"content":{"rendered":"<div id=\"fb-root\"><\/div>\n<p>[et_pb_section fb_built=\u00bb1&#8243; fullwidth=\u00bbon\u00bb _builder_version=\u00bb3.0.47&#8243; custom_padding=\u00bb0px|0px|0px|0px\u00bb][et_pb_fullwidth_header title=\u00bbPropuesta Educativa\u00bb subhead=\u00bbEn base al Sistema Preventivo\u00bb text_orientation=\u00bbright\u00bb module_class=\u00bbpagina-imagen-cabecera\u00bb _builder_version=\u00bb3.0.98&#8243; title_font=\u00bbLato|700|||||||\u00bb title_font_size=\u00bb50px\u00bb title_text_shadow_style=\u00bbpreset1&#8243; subhead_font=\u00bb||||||||\u00bb subhead_text_align=\u00bbright\u00bb subhead_font_size=\u00bb30px\u00bb subhead_text_color=\u00bb#ffffff\u00bb background_image=\u00bbhttps:\/\/www.fededonbosco.org\/nuevawebamics\/wp-content\/uploads\/sites\/2\/2018\/02\/web-fede-cabecera-escuela-1.jpg\u00bb max_width_tablet=\u00bb50px\u00bb][\/et_pb_fullwidth_header][\/et_pb_section][et_pb_section fb_built=\u00bb1&#8243; admin_label=\u00bbsection\u00bb _builder_version=\u00bb3.0.64&#8243; custom_padding=\u00bb0px|0px|54px|0px\u00bb][et_pb_row custom_padding=\u00bb25px|||\u00bb custom_margin=\u00bb25px|||\u00bb _builder_version=\u00bb3.0.64&#8243;][et_pb_column type=\u00bb4_4&#8243; _builder_version=\u00bb3.0.47&#8243; parallax=\u00bboff\u00bb parallax_method=\u00bbon\u00bb][et_pb_text _builder_version=\u00bb3.0.98&#8243;]<\/p>\n<h2><img loading=\"lazy\" decoding=\"async\" src=\"https:\/\/www.fededonbosco.org\/nuevawebamics\/wp-content\/uploads\/sites\/2\/2018\/02\/fede-web-icono.png\" width=\"20\" height=\"20\" alt=\"\" class=\"wp-image-4692 alignnone size-full\" \/>\u00a0<span style=\"color: #636a70;\"><strong>Propuesta Educativa Salesiana<\/strong><\/span><\/h2>\n<p>[\/et_pb_text][et_pb_text _builder_version=\u00bb3.0.98&#8243; border_style=\u00bbsolid\u00bb]<\/p>\n<p style=\"text-align: justify;\">La propuesta educativa de\u00a0 la Federaci\u00f3n Don Bosco y de los centros juveniles que la componen se inserta en el marco de la Propuesta Educativa de las Entidades Salesianas. Dicha propuesta trata de insertarse en su entorno geogr\u00e1fico, social, cultural, pol\u00edtico y eclesial y dar, as\u00ed, una adecuada respuesta a las necesidades de la infancia y juventud local.<\/p>\n<p>[\/et_pb_text][et_pb_text _builder_version=\u00bb3.0.98&#8243;]<\/p>\n<h2>El origen de nuestra propuesta: El Sistema Preventivo<\/h2>\n<p>[\/et_pb_text][et_pb_text _builder_version=\u00bb3.0.98&#8243; border_style=\u00bbsolid\u00bb text_font=\u00bb||||||||\u00bb]<\/p>\n<p style=\"text-align: justify;\">La base de la Propuesta Eucativa Salesiana es el Sistema Preventivo ideado por San Juan Bosco que pretend\u00eda la atenci\u00f3n y acci\u00f3n directa sobre los j\u00f3venes de forma que \u00e9stos crecieran en un ambiente educativamente positivo.<\/p>\n<p style=\"text-align: justify;\">El amor, la raz\u00f3n y la fe eran los tres pilares base de este sistema que debe hacer posible el desarrollo integral de la persona en su proceso de crecimiento y aprendizaje. As\u00ed, Don Bosco tuvo la funci\u00f3n de ser un padre amoroso que gu\u00eda y aconseja a sus muchachos creando un ambiente de confianza, alegr\u00eda y familiaridad en el que hacer posible la ense\u00f1anza en valores cristianos.<\/p>\n<p style=\"text-align: justify;\">Todo un proceso que se origina en los oratorios que Juan Melchor Bosco desarroll\u00f3 durante el siglo XIX de forma que se trata de un educador que llev\u00f3 sus m\u00e9todos a la pr\u00e1ctica y tanto a la teor\u00eda.<\/p>\n<p style=\"text-align: justify;\">\n<blockquote>\n<p class=\"\" style=\"text-align: justify;\"><em>\u00abCurabitur sit amet efficitur dolor, a fringilla urna. Maecenas ut eleifend arcu. Curabitur tincidunt mauris tortor, a ullamcorper justo egestas sit amet. Maecenas augue nibh, molestie eget pellentesque a, commodo at odio. Orci varius natoq\u00bb<\/em><\/p>\n<p class=\"\" style=\"text-align: right;\"><strong><em>Pablo G\u00f3mez, Coordinador de Pastoral<\/em><\/strong><\/p>\n<\/blockquote>\n<p class=\"\" style=\"text-align: justify;\">\n<p class=\"\" style=\"text-align: justify;\">As\u00ed, la Propuesta Educativa de los centros juveniles dentro de la Federaci\u00f3n Don Bosco mantiene como base el amor a todos los que los forman, la educaci\u00f3n en valores del Evangelio y la raz\u00f3n de una acci\u00f3n educativa en base a objetivos y l\u00edneas estrat\u00e9gicas concretas.<\/p>\n<p>[\/et_pb_text][\/et_pb_column][\/et_pb_row][et_pb_row custom_padding=\u00bb20px|0px|0px|0px\u00bb _builder_version=\u00bb3.0.64&#8243;][et_pb_column type=\u00bb4_4&#8243; _builder_version=\u00bb3.0.47&#8243; parallax=\u00bboff\u00bb parallax_method=\u00bbon\u00bb][et_pb_text _builder_version=\u00bb3.0.64&#8243;]<\/p>\n<h2>Bases de nuestra Propuesta Educativa&#8230;<\/h2>\n<p>[\/et_pb_text][\/et_pb_column][\/et_pb_row][et_pb_row _builder_version=\u00bb3.0.47&#8243; background_size=\u00bbinitial\u00bb background_position=\u00bbtop_left\u00bb background_repeat=\u00bbrepeat\u00bb][et_pb_column type=\u00bb2_3&#8243; _builder_version=\u00bb3.0.47&#8243; parallax=\u00bboff\u00bb parallax_method=\u00bbon\u00bb][et_pb_blurb title=\u00bbMisi\u00f3n\u00bb use_icon=\u00bbon\u00bb font_icon=\u00bb%%123%%\u00bb icon_color=\u00bb#d2323b\u00bb icon_placement=\u00bbleft\u00bb _builder_version=\u00bb3.0.98&#8243; custom_margin=\u00bb15px|||\u00bb header_font=\u00bb|600|||||||\u00bb header_text_color=\u00bb#545454&#8243;]<\/p>\n<p>Educar en el tiempo libre de la infancia y la juventud, bas\u00e1ndonos en la Propuesta Educativa de los Centros Juveniles Salesianos y en los valores del voluntariado.<\/p>\n<p>[\/et_pb_blurb][et_pb_blurb title=\u00bbVisi\u00f3n\u00bb use_icon=\u00bbon\u00bb font_icon=\u00bb%%121%%\u00bb icon_color=\u00bb#d2323b\u00bb icon_placement=\u00bbleft\u00bb _builder_version=\u00bb3.0.98&#8243; header_font=\u00bb|600|||||||\u00bb header_text_color=\u00bb#545454&#8243;]<\/p>\n<p>Velar por la infancia y la juventud, especialmente aquellos\/as en riesgo de exclusi\u00f3n social, mediante acciones educativas preventivas e intervenci\u00f3n social.<\/p>\n<p>[\/et_pb_blurb][et_pb_blurb title=\u00bbValores\u00bb use_icon=\u00bbon\u00bb font_icon=\u00bb%%141%%\u00bb icon_color=\u00bb#d2323b\u00bb icon_placement=\u00bbleft\u00bb _builder_version=\u00bb3.0.98&#8243; header_font=\u00bb|600|||||||\u00bb header_text_color=\u00bb#545454&#8243;]<\/p>\n<p>La educaci\u00f3n en valores, educaci\u00f3n en el tiempo libre, prevenci\u00f3n, solidaridad, justicia, transparencia, participaci\u00f3n democr\u00e1tica, trabajo en red, eficiencia, calidad, sentido de pertenencia, esp\u00edritu cr\u00edtico y estilo salesiano.<\/p>\n<p>[\/et_pb_blurb][\/et_pb_column][et_pb_column type=\u00bb1_3&#8243; _builder_version=\u00bb3.0.47&#8243; parallax=\u00bboff\u00bb parallax_method=\u00bbon\u00bb][et_pb_image src=\u00bbhttps:\/\/www.fededonbosco.org\/nuevawebamics\/wp-content\/uploads\/sites\/2\/2017\/03\/DB-Claudiasss.png\u00bb _builder_version=\u00bb3.0.98&#8243;][\/et_pb_image][\/et_pb_column][\/et_pb_row][\/et_pb_section]<\/p>\n","protected":false},"excerpt":{"rendered":"<p>\u00a0Propuesta Educativa Salesiana La propuesta educativa de\u00a0 la Federaci\u00f3n Don Bosco y de los centros juveniles que la componen se inserta en el marco de la Propuesta Educativa de las Entidades Salesianas. Dicha propuesta trata de insertarse en su entorno geogr\u00e1fico, social, cultural, pol\u00edtico y eclesial y dar, as\u00ed, una adecuada respuesta a las necesidades [&hellip;]<\/p>\n","protected":false},"author":2,"featured_media":0,"parent":0,"menu_order":0,"comment_status":"closed","ping_status":"closed","template":"","meta":{"_et_pb_use_builder":"on","_et_pb_old_content":"","_et_gb_content_width":"","footnotes":""},"class_list":["post-4855","page","type-page","status-publish","hentry"],"yoast_head":"<!-- This site is optimized with the Yoast SEO plugin v27.4 - https:\/\/yoast.com\/product\/yoast-seo-wordpress\/ -->\n<title>Propuesta Educativa Salesiana - Centro Juvenil Amics<\/title>\n<meta name=\"robots\" content=\"index, follow, max-snippet:-1, max-image-preview:large, max-video-preview:-1\" \/>\n<link rel=\"canonical\" href=\"https:\/\/www.fededonbosco.org\/cjamics\/propuesta-educativa-salesiana\/\" \/>\n<meta property=\"og:locale\" content=\"es_ES\" \/>\n<meta property=\"og:type\" content=\"article\" \/>\n<meta property=\"og:title\" content=\"Propuesta Educativa Salesiana - Centro Juvenil Amics\" \/>\n<meta property=\"og:description\" content=\"\u00a0Propuesta Educativa Salesiana La propuesta educativa de\u00a0 la Federaci\u00f3n Don Bosco y de los centros juveniles que la componen se inserta en el marco de la Propuesta Educativa de las Entidades Salesianas. Dicha propuesta trata de insertarse en su entorno geogr\u00e1fico, social, cultural, pol\u00edtico y eclesial y dar, as\u00ed, una adecuada respuesta a las necesidades [&hellip;]\" \/>\n<meta property=\"og:url\" content=\"https:\/\/www.fededonbosco.org\/cjamics\/propuesta-educativa-salesiana\/\" \/>\n<meta property=\"og:site_name\" content=\"Centro Juvenil Amics\" \/>\n<meta property=\"article:modified_time\" content=\"2018-02-22T11:20:43+00:00\" \/>\n<meta property=\"og:image\" content=\"https:\/\/www.fededonbosco.org\/nuevawebamics\/wp-content\/uploads\/sites\/2\/2018\/02\/fede-web-icono.png\" \/>\n<meta name=\"twitter:card\" content=\"summary_large_image\" \/>\n<meta name=\"twitter:label1\" content=\"Tiempo de lectura\" \/>\n\t<meta name=\"twitter:data1\" content=\"4 minutos\" \/>\n<script type=\"application\/ld+json\" class=\"yoast-schema-graph\">{\"@context\":\"https:\\\/\\\/schema.org\",\"@graph\":[{\"@type\":\"WebPage\",\"@id\":\"https:\\\/\\\/www.fededonbosco.org\\\/cjamics\\\/propuesta-educativa-salesiana\\\/\",\"url\":\"https:\\\/\\\/www.fededonbosco.org\\\/cjamics\\\/propuesta-educativa-salesiana\\\/\",\"name\":\"Propuesta Educativa Salesiana - Centro Juvenil Amics\",\"isPartOf\":{\"@id\":\"https:\\\/\\\/www.fededonbosco.org\\\/cjamics\\\/#website\"},\"primaryImageOfPage\":{\"@id\":\"https:\\\/\\\/www.fededonbosco.org\\\/cjamics\\\/propuesta-educativa-salesiana\\\/#primaryimage\"},\"image\":{\"@id\":\"https:\\\/\\\/www.fededonbosco.org\\\/cjamics\\\/propuesta-educativa-salesiana\\\/#primaryimage\"},\"thumbnailUrl\":\"https:\\\/\\\/www.fededonbosco.org\\\/nuevawebamics\\\/wp-content\\\/uploads\\\/sites\\\/2\\\/2018\\\/02\\\/fede-web-icono.png\",\"datePublished\":\"2018-02-19T16:08:34+00:00\",\"dateModified\":\"2018-02-22T11:20:43+00:00\",\"breadcrumb\":{\"@id\":\"https:\\\/\\\/www.fededonbosco.org\\\/cjamics\\\/propuesta-educativa-salesiana\\\/#breadcrumb\"},\"inLanguage\":\"es\",\"potentialAction\":[{\"@type\":\"ReadAction\",\"target\":[\"https:\\\/\\\/www.fededonbosco.org\\\/cjamics\\\/propuesta-educativa-salesiana\\\/\"]}]},{\"@type\":\"ImageObject\",\"inLanguage\":\"es\",\"@id\":\"https:\\\/\\\/www.fededonbosco.org\\\/cjamics\\\/propuesta-educativa-salesiana\\\/#primaryimage\",\"url\":\"https:\\\/\\\/www.fededonbosco.org\\\/nuevawebamics\\\/wp-content\\\/uploads\\\/sites\\\/2\\\/2018\\\/02\\\/fede-web-icono.png\",\"contentUrl\":\"https:\\\/\\\/www.fededonbosco.org\\\/nuevawebamics\\\/wp-content\\\/uploads\\\/sites\\\/2\\\/2018\\\/02\\\/fede-web-icono.png\"},{\"@type\":\"BreadcrumbList\",\"@id\":\"https:\\\/\\\/www.fededonbosco.org\\\/cjamics\\\/propuesta-educativa-salesiana\\\/#breadcrumb\",\"itemListElement\":[{\"@type\":\"ListItem\",\"position\":1,\"name\":\"Portada\",\"item\":\"https:\\\/\\\/www.fededonbosco.org\\\/cjamics\\\/\"},{\"@type\":\"ListItem\",\"position\":2,\"name\":\"Propuesta Educativa Salesiana\"}]},{\"@type\":\"WebSite\",\"@id\":\"https:\\\/\\\/www.fededonbosco.org\\\/cjamics\\\/#website\",\"url\":\"https:\\\/\\\/www.fededonbosco.org\\\/cjamics\\\/\",\"name\":\"Centro Juvenil Amics\",\"description\":\"P\u00e1gina oficial del Centro Juvenil Amics\",\"potentialAction\":[{\"@type\":\"SearchAction\",\"target\":{\"@type\":\"EntryPoint\",\"urlTemplate\":\"https:\\\/\\\/www.fededonbosco.org\\\/cjamics\\\/?s={search_term_string}\"},\"query-input\":{\"@type\":\"PropertyValueSpecification\",\"valueRequired\":true,\"valueName\":\"search_term_string\"}}],\"inLanguage\":\"es\"}]}<\/script>\n<!-- \/ Yoast SEO plugin. -->","yoast_head_json":{"title":"Propuesta Educativa Salesiana - Centro Juvenil Amics","robots":{"index":"index","follow":"follow","max-snippet":"max-snippet:-1","max-image-preview":"max-image-preview:large","max-video-preview":"max-video-preview:-1"},"canonical":"https:\/\/www.fededonbosco.org\/cjamics\/propuesta-educativa-salesiana\/","og_locale":"es_ES","og_type":"article","og_title":"Propuesta Educativa Salesiana - Centro Juvenil Amics","og_description":"\u00a0Propuesta Educativa Salesiana La propuesta educativa de\u00a0 la Federaci\u00f3n Don Bosco y de los centros juveniles que la componen se inserta en el marco de la Propuesta Educativa de las Entidades Salesianas. Dicha propuesta trata de insertarse en su entorno geogr\u00e1fico, social, cultural, pol\u00edtico y eclesial y dar, as\u00ed, una adecuada respuesta a las necesidades [&hellip;]","og_url":"https:\/\/www.fededonbosco.org\/cjamics\/propuesta-educativa-salesiana\/","og_site_name":"Centro Juvenil Amics","article_modified_time":"2018-02-22T11:20:43+00:00","og_image":[{"url":"https:\/\/www.fededonbosco.org\/nuevawebamics\/wp-content\/uploads\/sites\/2\/2018\/02\/fede-web-icono.png","type":"","width":"","height":""}],"twitter_card":"summary_large_image","twitter_misc":{"Tiempo de lectura":"4 minutos"},"schema":{"@context":"https:\/\/schema.org","@graph":[{"@type":"WebPage","@id":"https:\/\/www.fededonbosco.org\/cjamics\/propuesta-educativa-salesiana\/","url":"https:\/\/www.fededonbosco.org\/cjamics\/propuesta-educativa-salesiana\/","name":"Propuesta Educativa Salesiana - Centro Juvenil Amics","isPartOf":{"@id":"https:\/\/www.fededonbosco.org\/cjamics\/#website"},"primaryImageOfPage":{"@id":"https:\/\/www.fededonbosco.org\/cjamics\/propuesta-educativa-salesiana\/#primaryimage"},"image":{"@id":"https:\/\/www.fededonbosco.org\/cjamics\/propuesta-educativa-salesiana\/#primaryimage"},"thumbnailUrl":"https:\/\/www.fededonbosco.org\/nuevawebamics\/wp-content\/uploads\/sites\/2\/2018\/02\/fede-web-icono.png","datePublished":"2018-02-19T16:08:34+00:00","dateModified":"2018-02-22T11:20:43+00:00","breadcrumb":{"@id":"https:\/\/www.fededonbosco.org\/cjamics\/propuesta-educativa-salesiana\/#breadcrumb"},"inLanguage":"es","potentialAction":[{"@type":"ReadAction","target":["https:\/\/www.fededonbosco.org\/cjamics\/propuesta-educativa-salesiana\/"]}]},{"@type":"ImageObject","inLanguage":"es","@id":"https:\/\/www.fededonbosco.org\/cjamics\/propuesta-educativa-salesiana\/#primaryimage","url":"https:\/\/www.fededonbosco.org\/nuevawebamics\/wp-content\/uploads\/sites\/2\/2018\/02\/fede-web-icono.png","contentUrl":"https:\/\/www.fededonbosco.org\/nuevawebamics\/wp-content\/uploads\/sites\/2\/2018\/02\/fede-web-icono.png"},{"@type":"BreadcrumbList","@id":"https:\/\/www.fededonbosco.org\/cjamics\/propuesta-educativa-salesiana\/#breadcrumb","itemListElement":[{"@type":"ListItem","position":1,"name":"Portada","item":"https:\/\/www.fededonbosco.org\/cjamics\/"},{"@type":"ListItem","position":2,"name":"Propuesta Educativa Salesiana"}]},{"@type":"WebSite","@id":"https:\/\/www.fededonbosco.org\/cjamics\/#website","url":"https:\/\/www.fededonbosco.org\/cjamics\/","name":"Centro Juvenil Amics","description":"P\u00e1gina oficial del Centro Juvenil Amics","potentialAction":[{"@type":"SearchAction","target":{"@type":"EntryPoint","urlTemplate":"https:\/\/www.fededonbosco.org\/cjamics\/?s={search_term_string}"},"query-input":{"@type":"PropertyValueSpecification","valueRequired":true,"valueName":"search_term_string"}}],"inLanguage":"es"}]}},"_links":{"self":[{"href":"https:\/\/www.fededonbosco.org\/cjamics\/wp-json\/wp\/v2\/pages\/4855","targetHints":{"allow":["GET"]}}],"collection":[{"href":"https:\/\/www.fededonbosco.org\/cjamics\/wp-json\/wp\/v2\/pages"}],"about":[{"href":"https:\/\/www.fededonbosco.org\/cjamics\/wp-json\/wp\/v2\/types\/page"}],"author":[{"embeddable":true,"href":"https:\/\/www.fededonbosco.org\/cjamics\/wp-json\/wp\/v2\/users\/2"}],"replies":[{"embeddable":true,"href":"https:\/\/www.fededonbosco.org\/cjamics\/wp-json\/wp\/v2\/comments?post=4855"}],"version-history":[{"count":6,"href":"https:\/\/www.fededonbosco.org\/cjamics\/wp-json\/wp\/v2\/pages\/4855\/revisions"}],"predecessor-version":[{"id":4946,"href":"https:\/\/www.fededonbosco.org\/cjamics\/wp-json\/wp\/v2\/pages\/4855\/revisions\/4946"}],"wp:attachment":[{"href":"https:\/\/www.fededonbosco.org\/cjamics\/wp-json\/wp\/v2\/media?parent=4855"}],"curies":[{"name":"wp","href":"https:\/\/api.w.org\/{rel}","templated":true}]}}