{"id":4905,"date":"2018-02-21T16:15:39","date_gmt":"2018-02-21T15:15:39","guid":{"rendered":"http:\/\/www.fededonbosco.org\/villena\/?page_id=4905"},"modified":"2018-06-05T12:11:28","modified_gmt":"2018-06-05T11:11:28","slug":"politica-de-cookies","status":"publish","type":"page","link":"https:\/\/www.fededonbosco.org\/villena\/politica-de-cookies\/","title":{"rendered":"Pol\u00edtica de Cookies"},"content":{"rendered":"<div id=\"fb-root\"><\/div>\n<p>[et_pb_section fb_built=\u00bb1&#8243; fullwidth=\u00bbon\u00bb _builder_version=\u00bb3.0.98&#8243; custom_padding=\u00bb0px|0px|0px|0px\u00bb][et_pb_fullwidth_header title=\u00bbPol\u00edtica de Cookies\u00bb background_overlay_color=\u00bbrgba(178,178,178,0)\u00bb module_class=\u00bbpagina-imagen-cabecera\u00bb _builder_version=\u00bb3.0.105&#8243; title_font=\u00bb||||||||\u00bb title_text_color=\u00bb#d1323a\u00bb title_text_shadow_style=\u00bbpreset2&#8243; title_text_shadow_horizontal_length=\u00bb0.05em\u00bb title_text_shadow_vertical_length=\u00bb0.05em\u00bb background_image=\u00bbhttp:\/\/www.fededonbosco.org\/villena\/nuevavillena\/wp-content\/uploads\/sites\/4\/2018\/03\/cabeceraOK1280x250-2.jpg\u00bb][\/et_pb_fullwidth_header][\/et_pb_section][et_pb_section fb_built=\u00bb1&#8243; _builder_version=\u00bb3.0.47&#8243;][et_pb_row _builder_version=\u00bb3.0.47&#8243; background_size=\u00bbinitial\u00bb background_position=\u00bbtop_left\u00bb background_repeat=\u00bbrepeat\u00bb][et_pb_column type=\u00bb4_4&#8243; _builder_version=\u00bb3.0.47&#8243; parallax=\u00bboff\u00bb parallax_method=\u00bbon\u00bb][et_pb_text _builder_version=\u00bb3.0.98&#8243;]<\/p>\n<h3>1. Normativa aplicable<\/h3>\n<p style=\"text-align: justify;\">El apartado segundo del art\u00edculo 22 de la Ley 34\/2002, de 11 de julio, de Servicios de la Sociedad de la Informaci\u00f3n y de Comercio Electr\u00f3nico (en adelante, LSSI-CE), establece lo siguiente:<\/p>\n<ol>\n<li style=\"padding-left: 30px; text-align: justify;\"><em> Los prestadores de servicios podr\u00e1n utilizar dispositivos de almacenamiento y recuperaci\u00f3n de datos en equipos terminales de las personas destinatarias, a condici\u00f3n de que las mismas hayan dado su consentimiento despu\u00e9s de que se les haya facilitado informaci\u00f3n clara y completa sobre su utilizaci\u00f3n, en particular, sobre los fines del tratamiento de los datos, con arreglo a lo dispuesto en la Ley Org\u00e1nica 15\/1999, de 13 de diciembre, de Protecci\u00f3n de Datos de Car\u00e1cter Personal. <\/em><\/li>\n<\/ol>\n<p style=\"text-align: justify; padding-left: 30px;\"><em>Cuando sea t\u00e9cnicamente posible y eficaz, el consentimiento de la persona destinataria para aceptar el tratamiento de los datos podr\u00e1 facilitarse mediante el uso de los par\u00e1metros adecuados del navegador o de otras aplicaciones, siempre que aqu\u00e9l deba proceder a su configuraci\u00f3n durante su instalaci\u00f3n o actualizaci\u00f3n mediante una acci\u00f3n expresa a tal efecto. <\/em><\/p>\n<p style=\"text-align: justify; padding-left: 30px;\"><em>Lo anterior no impedir\u00e1 el posible almacenamiento o acceso de \u00edndole t\u00e9cnica al solo fin de efectuar la transmisi\u00f3n de una comunicaci\u00f3n por una red de comunicaciones electr\u00f3nicas o, en la medida que resulte estrictamente necesario, para la prestaci\u00f3n de un servicio de la sociedad de la informaci\u00f3n expresamente solicitado por la persona destinataria.<\/em><\/p>\n<p style=\"text-align: justify;\">Seg\u00fan recoge la \u201cGu\u00eda sobre el uso de las cookies\u201d, publicada por la Agencia Espa\u00f1ola de Protecci\u00f3n de Datos (en adelante, AEPD) en el a\u00f1o 2013, la LSSI-CE es aplicable a cualquier tipo de archivo o dispositivo que se descarga en el equipo terminal de un usuario con la finalidad de almacenar datos que podr\u00e1n ser actualizados y recuperados por la entidad responsable de su instalaci\u00f3n. La cookie es uno de esos dispositivos de uso generalizado por lo que, en adelante, denominaremos gen\u00e9ricamente estos dispositivos como cookies.<\/p>\n<p style=\"text-align: justify;\">Quedan exceptuadas del cumplimiento de las obligaciones establecidas en el art\u00edculo 22.2 de la LSSI-CE las cookies utilizadas para alguna de las siguientes finalidades:<\/p>\n<ul>\n<li style=\"padding-left: 30px;\">Permitir \u00fanicamente la comunicaci\u00f3n entre el equipo del usuario y la red.<\/li>\n<li style=\"text-align: justify; padding-left: 30px;\">Estrictamente prestar un servicio expresamente solicitado por el usuario.<\/li>\n<\/ul>\n<h3 style=\"text-align: justify;\">2. Tipos de cookies seg\u00fan su finalidad<\/h3>\n<p style=\"text-align: justify;\">Una cookie es un fichero que se descarga en su ordenador al acceder a determinadas p\u00e1ginas web. Las cookies permiten a una p\u00e1gina web, entre otras cosas, almacenar y recuperar informaci\u00f3n sobre los h\u00e1bitos de navegaci\u00f3n de un usuario o de su equipo y, dependiendo de la informaci\u00f3n que contengan y de la forma en que utilice su equipo, pueden utilizarse para reconocer al usuario.<\/p>\n<p style=\"text-align: justify;\">Tal como recoge la \u201cGu\u00eda sobre el uso de las cookies\u201d de la Agencia Espa\u00f1ola de Protecci\u00f3n de Datos, seg\u00fan la finalidad para la que se traten los datos obtenidos a trav\u00e9s de las cookies, existen diferentes tipos:<\/p>\n<ul>\n<li style=\"padding-left: 30px; text-align: justify;\"><strong>Cookies t\u00e9cnicas:<\/strong> Son aqu\u00e9llas que permiten al usuario la navegaci\u00f3n a trav\u00e9s de una p\u00e1gina web, plataforma o aplicaci\u00f3n y la utilizaci\u00f3n de las diferentes opciones o servicios que en ella existan como, por ejemplo, controlar el tr\u00e1fico y la comunicaci\u00f3n de datos, identificar la sesi\u00f3n, acceder a partes de acceso restringido, recordar los elementos que integran un pedido, realizar el proceso de compra de un pedido, realizar la solicitud de inscripci\u00f3n o participaci\u00f3n en un evento, utilizar elementos de seguridad durante la navegaci\u00f3n, almacenar contenidos para la difusi\u00f3n de videos o sonido o compartir contenidos a trav\u00e9s de redes sociales.<\/li>\n<li style=\"text-align: justify; padding-left: 30px;\"><strong>Cookies de personalizaci\u00f3n:<\/strong> Son aqu\u00e9llas que permiten al usuario acceder al servicio con algunas caracter\u00edsticas de car\u00e1cter general predefinidas en funci\u00f3n de una serie de criterios en el terminal del usuario como por ejemplo serian el idioma, el tipo de navegador a trav\u00e9s del cual accede al servicio, la configuraci\u00f3n regional desde donde accede al servicio, etc.<\/li>\n<li style=\"text-align: justify; padding-left: 30px;\"><strong>Cookies de an\u00e1lisis:<\/strong> Son aqu\u00e9llas que permiten al responsable de las mismas, el seguimiento y an\u00e1lisis del comportamiento de los usuarios de los sitios web a los que est\u00e1n vinculadas. La informaci\u00f3n recogida mediante este tipo de cookies se utiliza en la medici\u00f3n de la actividad de los sitios web, aplicaci\u00f3n o plataforma y para la elaboraci\u00f3n de perfiles de navegaci\u00f3n de los usuarios de dichos sitios, aplicaciones y plataformas, con el fin de introducir mejoras en funci\u00f3n del an\u00e1lisis de los datos de uso que hacen los usuarios del servicio.<\/li>\n<li style=\"text-align: justify; padding-left: 30px;\"><strong>Cookies publicitarias: <\/strong>Son aqu\u00e9llas que permiten la gesti\u00f3n, de la forma m\u00e1s eficaz posible, de los espacios publicitarios que, en su caso, el editor haya incluido en una p\u00e1gina web, aplicaci\u00f3n o plataforma desde la que presta el servicio solicitado en base a criterios como el contenido editado o la frecuencia en la que se muestran los anuncios.<\/li>\n<li style=\"text-align: justify; padding-left: 30px;\"><strong>Cookies de publicidad comportamental:<\/strong> Son aqu\u00e9llas que permiten la gesti\u00f3n, de la forma m\u00e1s eficaz posible, de los espacios publicitarios que, en su caso, el editor haya incluido en una p\u00e1gina web, aplicaci\u00f3n o plataforma desde la que presta el servicio solicitado. Estas cookies almacenan informaci\u00f3n del comportamiento de los usuarios obtenida a trav\u00e9s de la observaci\u00f3n continuada de sus h\u00e1bitos de navegaci\u00f3n, lo que permite desarrollar un perfil espec\u00edfico para mostrar publicidad en funci\u00f3n del mismo.<\/li>\n<\/ul>\n<h3 style=\"text-align: justify;\">3. Principio de informaci\u00f3n<\/h3>\n<p style=\"text-align: justify;\">La informaci\u00f3n que se obtenga a trav\u00e9s de las cookies que se instalen en su ordenador, ser\u00e1 utilizada con las siguientes finalidades: garantizar la calidad, seguridad y mejora de los servicios ofrecidos.<\/p>\n<p style=\"text-align: justify;\">Las personas destinatarias de la informaci\u00f3n que se obtenga a trav\u00e9s de las cookies que se instalen en su ordenador ser\u00e1n las siguientes entidades:<\/p>\n<ul>\n<li style=\"padding-left: 30px;\">Nuestra entidad como editor responsable de la web y responsable del tratamiento.<\/li>\n<li style=\"text-align: justify; padding-left: 30px;\"><span style=\"font-size: 14px;\">En su caso, las entidades directamente relacionadas con el editor responsable de la web que expresamente se relacionen a continuaci\u00f3n: Google e Inspector\u00eda Salesiana Mar\u00eda Auxiliadora.<\/span><\/li>\n<\/ul>\n<h3 style=\"text-align: justify;\">4. Principio del Consentimiento<\/h3>\n<p style=\"text-align: justify;\">Su consentimiento para la instalaci\u00f3n de cookies se realiza marcando la casilla \u201cACEPTAR\u201d incluida en nuestra ventana emergente y la informaci\u00f3n ampliada sobre las Cookies se muestra en esta Pol\u00edtica de cookies.<\/p>\n<h3 style=\"text-align: justify;\">5. Car\u00e1cter facultativo de la instalaci\u00f3n de cookies<\/h3>\n<p style=\"text-align: justify;\">Si bien la aceptaci\u00f3n de la instalaci\u00f3n de las cookies en su ordenador es facultativa para usted, la negativa a su instalaci\u00f3n puede suponer que la funcionalidad de la p\u00e1gina web quede limitada o no sea posible, lo cual imposibilitar\u00eda la prestaci\u00f3n de servicios por parte de nuestra entidad a trav\u00e9s de la misma.<\/p>\n<h3 style=\"text-align: justify;\">6. Desactivaci\u00f3n de cookies<\/h3>\n<p style=\"text-align: justify;\">El usuario en todo momento podr\u00e1 cambiar la configuraci\u00f3n de las cookies, bloquearlas o desactivarlas. Para ello le facilitamos el modo en los principales navegadores.<\/p>\n<p style=\"text-align: center;\"><span style=\"color: #d13239;\">\u00a0CHROME &#8211; EXPLORER &#8211; FIREFOX &#8211; SAFARI\u00a0 \u00a0\u00a0<\/span><\/p>\n<p style=\"text-align: justify;\">As\u00ed como las cookies a terceros <span style=\"color: #d13239;\">Google AdWords<\/span>:<\/p>\n<p style=\"text-align: justify;\">La <strong><em>Federaci\u00f3n Don Bosco de la Comunidad valenciana<\/em><\/strong>\u00a0no se hace responsable del contenido y veracidad de las pol\u00edticas de cookies de los terceros.<\/p>\n<h3>7. Seguridad de sus datos<\/h3>\n<p style=\"text-align: justify;\">Protegeremos sus datos con medidas de seguridad eficaces en funci\u00f3n de los riesgos que conlleve el uso de su informaci\u00f3n.<\/p>\n<p style=\"text-align: justify;\">Para ello, nuestra entidad ha aprobado una Pol\u00edtica de Protecci\u00f3n de Datos y se realizan controles y auditor\u00edas anuales para verificar que sus datos personales est\u00e1n seguros en todo momento.<\/p>\n<h3>8. \u00bfD\u00f3nde puede formular una reclamaci\u00f3n?<\/h3>\n<p>\u00bfSabe que en nuestra entidad contamos con un delegado de protecci\u00f3n de datos al cual puede enviar todas sus reclamaciones, dudas y sugerencias sobre el uso de su informaci\u00f3n personal?<\/p>\n<p>Nuestro delegado de protecci\u00f3n de datos se llama AUDIDAT y \u00e9stos son sus datos de contacto:<\/p>\n<ul>\n<li>Tel\u00e9fono de contacto: <strong>96 131 88 04<\/strong><\/li>\n<li>Direcci\u00f3n de correo electr\u00f3nico de contacto: <strong>valencia@audidat.com<\/strong><\/li>\n<li>P\u00e1gina web:\u00a0<a href=\"www.audidatvalencia.com\"><strong>www.audidatvalencia.com<\/strong><\/a><\/li>\n<\/ul>\n<p>En caso de que entienda que sus derechos han sido desatendidos por nuestra entidad, puede formular una reclamaci\u00f3n en la Agencia Espa\u00f1ola de Protecci\u00f3n de Datos, a trav\u00e9s de alguno de los medios siguientes:<\/p>\n<ul>\n<li>Sede electr\u00f3nica: <a href=\"www.agpd.es\">www.agpd.es<\/a><\/li>\n<li>Direcci\u00f3n postal:<\/li>\n<\/ul>\n<p style=\"padding-left: 60px;\">Agencia Espa\u00f1ola de Protecci\u00f3n de Datos<br \/>\nC\/ Jorge Juan, 6<br \/>\n28001-Madrid<\/p>\n<ul>\n<li>Via telef\u00f3nica:<\/li>\n<\/ul>\n<p style=\"padding-left: 60px;\">Telf. 901 100 099<\/p>\n<p style=\"padding-left: 60px;\"><span style=\"font-size: 14px;\">Telf. 91 266 35 17<\/span><\/p>\n<p><span style=\"font-size: 14px;\">Formular una reclamaci\u00f3n en la Agencia Espa\u00f1ola de Protecci\u00f3n de Datos no conlleva ning\u00fan coste y no es necesaria la asistencia de abogado ni procurador.<\/span><\/p>\n<p>[\/et_pb_text][\/et_pb_column][\/et_pb_row][\/et_pb_section]<\/p>\n\n<div class=\"twitter-share\"><a href=\"https:\/\/twitter.com\/intent\/tweet?via=CJDB_Villena\" class=\"twitter-share-button\">Twittear<\/a><\/div>\n","protected":false},"excerpt":{"rendered":"<p>1. Normativa aplicable El apartado segundo del art\u00edculo 22 de la Ley 34\/2002, de 11 de julio, de Servicios de la Sociedad de la Informaci\u00f3n y de Comercio Electr\u00f3nico (en adelante, LSSI-CE), establece lo siguiente: Los prestadores de servicios podr\u00e1n utilizar dispositivos de almacenamiento y recuperaci\u00f3n de datos en equipos terminales de las personas destinatarias, [&hellip;]<\/p>\n","protected":false},"author":7,"featured_media":0,"parent":0,"menu_order":0,"comment_status":"closed","ping_status":"closed","template":"","meta":{"_et_pb_use_builder":"on","_et_pb_old_content":"<h1>Pol\u00edtica de cookies<\/h1>\r\nUna <em>cookie<\/em> es un peque\u00f1o fichero de texto que se almacena en su navegador cuando visita casi cualquier p\u00e1gina web. Su utilidad es que la web sea capaz de recordar su visita cuando vuelva a navegar por esa p\u00e1gina. Las <em>cookies<\/em> suelen almacenar informaci\u00f3n de car\u00e1cter t\u00e9cnico, preferencias personales, personalizaci\u00f3n de contenidos, estad\u00edsticas de uso, enlaces a redes sociales, acceso a cuentas de usuario, etc. El objetivo de la <em>cookie<\/em> es adaptar el contenido de la web a su perfil y necesidades, sin <em>cookies<\/em> los servicios ofrecidos por cualquier p\u00e1gina se ver\u00edan mermados notablemente. Si desea consultar m\u00e1s informaci\u00f3n sobre qu\u00e9 son las <em>cookies<\/em>, qu\u00e9 almacenan, c\u00f3mo eliminarlas, desactivarlas, etc., <a href=\"http:\/\/www.fededonbosco.org\/villena\/es\/mas-informacion-sobre-las-cookies\/\">le rogamos se dirija a este enlace.<\/a>\r\n<h2>Cookies utilizadas en este sitio web<\/h2>\r\nSiguiendo las directrices de la Agencia Espa\u00f1ola de Protecci\u00f3n de Datos procedemos a detallar el uso de <em>cookies<\/em> que hace esta web con el fin de informarle con la m\u00e1xima exactitud posible.\r\n\r\nEste sitio web utiliza las siguientes <strong>cookies propias<\/strong>:\r\n<ul>\r\n \t<li>Cookies de sesi\u00f3n, para garantizar que los usuarios que escriban comentarios en el blog sean humanos y no aplicaciones automatizadas. De esta forma se combate el <em>spam<\/em>.<\/li>\r\n<\/ul>\r\nEste sitio web utiliza las siguientes <strong>cookies de terceros<\/strong>:\r\n<ul>\r\n \t<li>Google Analytics: Almacena <em>cookies<\/em> para poder elaborar estad\u00edsticas sobre el tr\u00e1fico y volumen de visitas de esta web. Al utilizar este sitio web est\u00e1 consintiendo el tratamiento de informaci\u00f3n acerca de usted por Google. Por tanto, el ejercicio de cualquier derecho en este sentido deber\u00e1 hacerlo comunicando directamente con Google.<\/li>\r\n \t<li>Redes sociales: Cada red social utiliza sus propias <em>cookies<\/em> para que usted pueda pinchar en botones del tipo <em>Me gusta<\/em> o <em>Compartir<\/em>.<\/li>\r\n<\/ul>\r\n<h2>Desactivaci\u00f3n o eliminaci\u00f3n de cookies<\/h2>\r\nEn cualquier momento podr\u00e1 ejercer su derecho de desactivaci\u00f3n o eliminaci\u00f3n de cookies de este sitio web. Estas acciones se realizan de forma diferente en funci\u00f3n del navegador que est\u00e9 usando. <a href=\"http:\/\/fededonbosco.org\/wpdemo\/index.php\/mas-informacion-sobre-las-cookies\/#navegadores\">Aqu\u00ed le dejamos una gu\u00eda r\u00e1pida para los navegadores m\u00e1s populares<\/a>.\r\n<h2>Notas adicionales<\/h2>\r\n<ul>\r\n \t<li>Ni esta web ni sus representantes legales se hacen responsables ni del contenido ni de la veracidad de las pol\u00edticas de privacidad que puedan tener los terceros mencionados en esta pol\u00edtica de <em>cookies<\/em>.<\/li>\r\n \t<li>Los navegadores web son las herramientas encargadas de almacenar las <em>cookies<\/em> y desde este lugar debe efectuar su derecho a eliminaci\u00f3n o desactivaci\u00f3n de las mismas. Ni esta web ni sus representantes legales pueden garantizar la correcta o incorrecta manipulaci\u00f3n de las <em>cookies<\/em> por parte de los mencionados navegadores.<\/li>\r\n \t<li>En algunos casos es necesario instalar <em>cookies<\/em> para que el navegador no olvide su decisi\u00f3n de no aceptaci\u00f3n de las mismas.<\/li>\r\n \t<li>En el caso de las <em>cookies<\/em> de Google Analytics, esta empresa almacena las <em>cookies<\/em> en servidores ubicados en Estados Unidos y se compromete a no compartirla con terceros, excepto en los casos en los que sea necesario para el funcionamiento del sistema o cuando la ley obligue a tal efecto. Seg\u00fan Google no guarda su direcci\u00f3n IP. Google Inc. es una compa\u00f1\u00eda adherida al Acuerdo de Puerto Seguro que garantiza que todos los datos transferidos ser\u00e1n tratados con un nivel de protecci\u00f3n acorde a la normativa europea. Puede consultar informaci\u00f3n detallada a este respecto <a href=\"http:\/\/safeharbor.export.gov\/companyinfo.aspx?id=16626\" target=\"_blank\">en este enlace<\/a>. Si desea informaci\u00f3n sobre el uso que Google da a las cookies <a href=\"https:\/\/developers.google.com\/analytics\/devguides\/collection\/analyticsjs\/cookie-usage?hl=es&csw=1\" target=\"_blank\">le adjuntamos este otro enlace<\/a>.<\/li>\r\n \t<li>Para cualquier duda o consulta acerca de esta pol\u00edtica de <em>cookies<\/em> no dude en comunicarse con nosotros a trav\u00e9s de la secci\u00f3n de contacto.<\/li>\r\n<\/ul>","_et_gb_content_width":"","footnotes":""},"class_list":["post-4905","page","type-page","status-publish","hentry"],"yoast_head":"<!-- This site is optimized with the Yoast SEO plugin v27.4 - https:\/\/yoast.com\/product\/yoast-seo-wordpress\/ -->\n<title>Pol\u00edtica de Cookies - Centro Juvenil Don Bosco Villena<\/title>\n<meta name=\"robots\" content=\"index, follow, max-snippet:-1, max-image-preview:large, max-video-preview:-1\" \/>\n<link rel=\"canonical\" href=\"https:\/\/www.fededonbosco.org\/villena\/politica-de-cookies\/\" \/>\n<meta property=\"og:locale\" content=\"es_ES\" \/>\n<meta property=\"og:type\" content=\"article\" \/>\n<meta property=\"og:title\" content=\"Pol\u00edtica de Cookies - Centro Juvenil Don Bosco Villena\" \/>\n<meta property=\"og:description\" content=\"1. Normativa aplicable El apartado segundo del art\u00edculo 22 de la Ley 34\/2002, de 11 de julio, de Servicios de la Sociedad de la Informaci\u00f3n y de Comercio Electr\u00f3nico (en adelante, LSSI-CE), establece lo siguiente: Los prestadores de servicios podr\u00e1n utilizar dispositivos de almacenamiento y recuperaci\u00f3n de datos en equipos terminales de las personas destinatarias, [&hellip;]\" \/>\n<meta property=\"og:url\" content=\"https:\/\/www.fededonbosco.org\/villena\/politica-de-cookies\/\" \/>\n<meta property=\"og:site_name\" content=\"Centro Juvenil Don Bosco Villena\" \/>\n<meta property=\"article:modified_time\" content=\"2018-06-05T11:11:28+00:00\" \/>\n<meta name=\"twitter:card\" content=\"summary_large_image\" \/>\n<meta name=\"twitter:label1\" content=\"Tiempo de lectura\" \/>\n\t<meta name=\"twitter:data1\" content=\"8 minutos\" \/>\n<script type=\"application\/ld+json\" class=\"yoast-schema-graph\">{\"@context\":\"https:\\\/\\\/schema.org\",\"@graph\":[{\"@type\":\"WebPage\",\"@id\":\"https:\\\/\\\/www.fededonbosco.org\\\/villena\\\/politica-de-cookies\\\/\",\"url\":\"https:\\\/\\\/www.fededonbosco.org\\\/villena\\\/politica-de-cookies\\\/\",\"name\":\"Pol\u00edtica de Cookies - Centro Juvenil Don Bosco Villena\",\"isPartOf\":{\"@id\":\"https:\\\/\\\/www.fededonbosco.org\\\/villena\\\/#website\"},\"datePublished\":\"2018-02-21T15:15:39+00:00\",\"dateModified\":\"2018-06-05T11:11:28+00:00\",\"breadcrumb\":{\"@id\":\"https:\\\/\\\/www.fededonbosco.org\\\/villena\\\/politica-de-cookies\\\/#breadcrumb\"},\"inLanguage\":\"es\",\"potentialAction\":[{\"@type\":\"ReadAction\",\"target\":[\"https:\\\/\\\/www.fededonbosco.org\\\/villena\\\/politica-de-cookies\\\/\"]}]},{\"@type\":\"BreadcrumbList\",\"@id\":\"https:\\\/\\\/www.fededonbosco.org\\\/villena\\\/politica-de-cookies\\\/#breadcrumb\",\"itemListElement\":[{\"@type\":\"ListItem\",\"position\":1,\"name\":\"Portada\",\"item\":\"https:\\\/\\\/www.fededonbosco.org\\\/villena\\\/\"},{\"@type\":\"ListItem\",\"position\":2,\"name\":\"Pol\u00edtica de Cookies\"}]},{\"@type\":\"WebSite\",\"@id\":\"https:\\\/\\\/www.fededonbosco.org\\\/villena\\\/#website\",\"url\":\"https:\\\/\\\/www.fededonbosco.org\\\/villena\\\/\",\"name\":\"Centro Juvenil Don Bosco Villena\",\"description\":\"Pagina oficial del Centro Juvenil Don Bosco\",\"potentialAction\":[{\"@type\":\"SearchAction\",\"target\":{\"@type\":\"EntryPoint\",\"urlTemplate\":\"https:\\\/\\\/www.fededonbosco.org\\\/villena\\\/?s={search_term_string}\"},\"query-input\":{\"@type\":\"PropertyValueSpecification\",\"valueRequired\":true,\"valueName\":\"search_term_string\"}}],\"inLanguage\":\"es\"}]}<\/script>\n<!-- \/ Yoast SEO plugin. -->","yoast_head_json":{"title":"Pol\u00edtica de Cookies - Centro Juvenil Don Bosco Villena","robots":{"index":"index","follow":"follow","max-snippet":"max-snippet:-1","max-image-preview":"max-image-preview:large","max-video-preview":"max-video-preview:-1"},"canonical":"https:\/\/www.fededonbosco.org\/villena\/politica-de-cookies\/","og_locale":"es_ES","og_type":"article","og_title":"Pol\u00edtica de Cookies - Centro Juvenil Don Bosco Villena","og_description":"1. Normativa aplicable El apartado segundo del art\u00edculo 22 de la Ley 34\/2002, de 11 de julio, de Servicios de la Sociedad de la Informaci\u00f3n y de Comercio Electr\u00f3nico (en adelante, LSSI-CE), establece lo siguiente: Los prestadores de servicios podr\u00e1n utilizar dispositivos de almacenamiento y recuperaci\u00f3n de datos en equipos terminales de las personas destinatarias, [&hellip;]","og_url":"https:\/\/www.fededonbosco.org\/villena\/politica-de-cookies\/","og_site_name":"Centro Juvenil Don Bosco Villena","article_modified_time":"2018-06-05T11:11:28+00:00","twitter_card":"summary_large_image","twitter_misc":{"Tiempo de lectura":"8 minutos"},"schema":{"@context":"https:\/\/schema.org","@graph":[{"@type":"WebPage","@id":"https:\/\/www.fededonbosco.org\/villena\/politica-de-cookies\/","url":"https:\/\/www.fededonbosco.org\/villena\/politica-de-cookies\/","name":"Pol\u00edtica de Cookies - Centro Juvenil Don Bosco Villena","isPartOf":{"@id":"https:\/\/www.fededonbosco.org\/villena\/#website"},"datePublished":"2018-02-21T15:15:39+00:00","dateModified":"2018-06-05T11:11:28+00:00","breadcrumb":{"@id":"https:\/\/www.fededonbosco.org\/villena\/politica-de-cookies\/#breadcrumb"},"inLanguage":"es","potentialAction":[{"@type":"ReadAction","target":["https:\/\/www.fededonbosco.org\/villena\/politica-de-cookies\/"]}]},{"@type":"BreadcrumbList","@id":"https:\/\/www.fededonbosco.org\/villena\/politica-de-cookies\/#breadcrumb","itemListElement":[{"@type":"ListItem","position":1,"name":"Portada","item":"https:\/\/www.fededonbosco.org\/villena\/"},{"@type":"ListItem","position":2,"name":"Pol\u00edtica de Cookies"}]},{"@type":"WebSite","@id":"https:\/\/www.fededonbosco.org\/villena\/#website","url":"https:\/\/www.fededonbosco.org\/villena\/","name":"Centro Juvenil Don Bosco Villena","description":"Pagina oficial del Centro Juvenil Don Bosco","potentialAction":[{"@type":"SearchAction","target":{"@type":"EntryPoint","urlTemplate":"https:\/\/www.fededonbosco.org\/villena\/?s={search_term_string}"},"query-input":{"@type":"PropertyValueSpecification","valueRequired":true,"valueName":"search_term_string"}}],"inLanguage":"es"}]}},"_links":{"self":[{"href":"https:\/\/www.fededonbosco.org\/villena\/wp-json\/wp\/v2\/pages\/4905","targetHints":{"allow":["GET"]}}],"collection":[{"href":"https:\/\/www.fededonbosco.org\/villena\/wp-json\/wp\/v2\/pages"}],"about":[{"href":"https:\/\/www.fededonbosco.org\/villena\/wp-json\/wp\/v2\/types\/page"}],"author":[{"embeddable":true,"href":"https:\/\/www.fededonbosco.org\/villena\/wp-json\/wp\/v2\/users\/7"}],"replies":[{"embeddable":true,"href":"https:\/\/www.fededonbosco.org\/villena\/wp-json\/wp\/v2\/comments?post=4905"}],"version-history":[{"count":16,"href":"https:\/\/www.fededonbosco.org\/villena\/wp-json\/wp\/v2\/pages\/4905\/revisions"}],"predecessor-version":[{"id":5991,"href":"https:\/\/www.fededonbosco.org\/villena\/wp-json\/wp\/v2\/pages\/4905\/revisions\/5991"}],"wp:attachment":[{"href":"https:\/\/www.fededonbosco.org\/villena\/wp-json\/wp\/v2\/media?parent=4905"}],"curies":[{"name":"wp","href":"https:\/\/api.w.org\/{rel}","templated":true}]}}